{"id":286,"date":"2024-05-20T19:53:48","date_gmt":"2024-05-20T17:53:48","guid":{"rendered":"https:\/\/www.uniquecase.sk\/?page_id=286"},"modified":"2024-08-03T21:26:24","modified_gmt":"2024-08-03T19:26:24","slug":"proces-vyroby","status":"publish","type":"page","link":"https:\/\/www.uniquecase.sk\/index.php\/proces-vyroby\/","title":{"rendered":"Proces v\u00fdroby"},"content":{"rendered":"\t\t<div data-elementor-type=\"wp-page\" data-elementor-id=\"286\" class=\"elementor elementor-286\" data-elementor-post-type=\"page\">\n\t\t\t\t\t\t<section class=\"elementor-section elementor-top-section elementor-element elementor-element-4aec2dd elementor-reverse-mobile elementor-section-boxed elementor-section-height-default elementor-section-height-default elementor-invisible\" data-id=\"4aec2dd\" data-element_type=\"section\" data-settings=\"{&quot;background_background&quot;:&quot;classic&quot;,&quot;animation&quot;:&quot;fadeIn&quot;}\">\n\t\t\t\t\t\t\t<div class=\"elementor-background-overlay\"><\/div>\n\t\t\t\t\t\t\t<div class=\"elementor-container elementor-column-gap-default\">\n\t\t\t\t\t<div class=\"elementor-column elementor-col-50 elementor-top-column elementor-element elementor-element-cc93c81\" data-id=\"cc93c81\" data-element_type=\"column\">\n\t\t\t<div class=\"elementor-widget-wrap elementor-element-populated\">\n\t\t\t\t\t\t<div class=\"elementor-element elementor-element-2957c95 de_scroll_animation_no elementor-invisible elementor-widget elementor-widget-heading\" data-id=\"2957c95\" data-element_type=\"widget\" data-settings=\"{&quot;_animation&quot;:&quot;fadeInUp&quot;}\" data-widget_type=\"heading.default\">\n\t\t\t\t<div class=\"elementor-widget-container\">\n\t\t\t<style>\/*! elementor - v3.21.0 - 30-04-2024 *\/\n.elementor-heading-title{padding:0;margin:0;line-height:1}.elementor-widget-heading .elementor-heading-title[class*=elementor-size-]>a{color:inherit;font-size:inherit;line-height:inherit}.elementor-widget-heading .elementor-heading-title.elementor-size-small{font-size:15px}.elementor-widget-heading .elementor-heading-title.elementor-size-medium{font-size:19px}.elementor-widget-heading .elementor-heading-title.elementor-size-large{font-size:29px}.elementor-widget-heading .elementor-heading-title.elementor-size-xl{font-size:39px}.elementor-widget-heading .elementor-heading-title.elementor-size-xxl{font-size:59px}<\/style><h2 class=\"elementor-heading-title elementor-size-default\">Proces v\u00fdroby<\/h2>\t\t<\/div>\n\t\t\t\t<\/div>\n\t\t\t\t\t<\/div>\n\t\t<\/div>\n\t\t\t\t<div class=\"elementor-column elementor-col-50 elementor-top-column elementor-element elementor-element-8b4aecd\" data-id=\"8b4aecd\" data-element_type=\"column\">\n\t\t\t<div class=\"elementor-widget-wrap\">\n\t\t\t\t\t\t\t<\/div>\n\t\t<\/div>\n\t\t\t\t\t<\/div>\n\t\t<\/section>\n\t\t\t\t<section class=\"elementor-section elementor-top-section elementor-element elementor-element-d877eff elementor-section-boxed elementor-section-height-default elementor-section-height-default\" data-id=\"d877eff\" data-element_type=\"section\">\n\t\t\t\t\t\t<div class=\"elementor-container elementor-column-gap-default\">\n\t\t\t\t\t<div class=\"elementor-column elementor-col-100 elementor-top-column elementor-element elementor-element-dcacc35\" data-id=\"dcacc35\" data-element_type=\"column\">\n\t\t\t<div class=\"elementor-widget-wrap elementor-element-populated\">\n\t\t\t\t\t\t<div class=\"elementor-element elementor-element-e6d40dc elementor-widget__width-auto de_scroll_animation_no elementor-invisible elementor-widget elementor-widget-heading\" data-id=\"e6d40dc\" data-element_type=\"widget\" data-settings=\"{&quot;_animation&quot;:&quot;fadeInLeft&quot;}\" data-widget_type=\"heading.default\">\n\t\t\t\t<div class=\"elementor-widget-container\">\n\t\t\t<h6 class=\"elementor-heading-title elementor-size-default\">Proces v\u00fdroby<\/h6>\t\t<\/div>\n\t\t\t\t<\/div>\n\t\t\t\t<div class=\"elementor-element elementor-element-e72031b de_scroll_animation_no elementor-invisible elementor-widget elementor-widget-heading\" data-id=\"e72031b\" data-element_type=\"widget\" data-settings=\"{&quot;_animation&quot;:&quot;fadeInUp&quot;}\" data-widget_type=\"heading.default\">\n\t\t\t\t<div class=\"elementor-widget-container\">\n\t\t\t<h3 class=\"elementor-heading-title elementor-size-default\">Ako prebieha cel\u00fd proces od n\u00e1vrhu po v\u00fdrobu?\n<\/h3>\t\t<\/div>\n\t\t\t\t<\/div>\n\t\t\t\t<div class=\"elementor-element elementor-element-623914c de_scroll_animation_no elementor-invisible elementor-widget elementor-widget-text-editor\" data-id=\"623914c\" data-element_type=\"widget\" data-settings=\"{&quot;_animation&quot;:&quot;fadeInUp&quot;}\" data-widget_type=\"text-editor.default\">\n\t\t\t\t<div class=\"elementor-widget-container\">\n\t\t\t<style>\/*! elementor - v3.21.0 - 30-04-2024 *\/\n.elementor-widget-text-editor.elementor-drop-cap-view-stacked .elementor-drop-cap{background-color:#69727d;color:#fff}.elementor-widget-text-editor.elementor-drop-cap-view-framed .elementor-drop-cap{color:#69727d;border:3px solid;background-color:transparent}.elementor-widget-text-editor:not(.elementor-drop-cap-view-default) .elementor-drop-cap{margin-top:8px}.elementor-widget-text-editor:not(.elementor-drop-cap-view-default) .elementor-drop-cap-letter{width:1em;height:1em}.elementor-widget-text-editor .elementor-drop-cap{float:left;text-align:center;line-height:1;font-size:50px}.elementor-widget-text-editor .elementor-drop-cap-letter{display:inline-block}<\/style>\t\t\t\t<p class=\"Normal\">1. Prv\u00fdm krokom je <a href=\"https:\/\/www.uniquecase.sk\/index.php\/obal-na-mieru\/\">vyplenenie formul\u00e1ru<\/a>, kde \u0161pecifikujete obal, o ktor\u00fd m\u00e1te z\u00e1ujem.<\/p><p class=\"Normal\">2. N\u00e1sledne V\u00e1m priprav\u00edme cenov\u00fa ponuku, ktor\u00e1 je pre V\u00e1s nez\u00e1v\u00e4zn\u00e1.<\/p><p class=\"Normal\">3. Po ods\u00fahlasen\u00ed v\u0161etk\u00fdch detailov (vr\u00e1tane sp\u00f4sobu doru\u010denia hotov\u00e9ho obalu a ceny za toto doru\u010denie) z oboch str\u00e1n a Va\u0161ej z\u00e1v\u00e4znej objedn\u00e1vke obalu V\u00e1m bude vystaven\u00e1 <a href=\"https:\/\/sk.wikipedia.org\/wiki\/Fakt\u00fara_(\u00fa\u010det)\" target=\"_blank\" rel=\"noopener\">z\u00e1lohov\u00e1 fakt\u00fara<\/a>, ktor\u00e1 predstavuje \u0161tandardne 50% hodnoty objednan\u00fdch produktov.<\/p><p class=\"Normal\">4. Po prip\u00edsan\u00ed z\u00e1lohovej platby na n\u00e1\u0161 \u00fa\u010det sa spust\u00ed proces v\u00fdroby. Doba dodania je z\u00e1visl\u00e1 od aktu\u00e1lneho vy\u0165a\u017eenia, ale \u0161tandardne V\u00e1m obal vyrob\u00edme do 2-3 t\u00fd\u017ed\u0148ov. Samozrejme, v pr\u00edpade ak\u00fatnej potreby je mo\u017en\u00e9 dohodn\u00fa\u0165 term\u00edn dodania individu\u00e1lne.\u00a0<\/p>\t\t\t\t\t\t<\/div>\n\t\t\t\t<\/div>\n\t\t\t\t\t<\/div>\n\t\t<\/div>\n\t\t\t\t\t<\/div>\n\t\t<\/section>\n\t\t<div class=\"elementor-element elementor-element-85e4f2f elementor-hidden-desktop elementor-hidden-tablet elementor-hidden-mobile e-flex e-con-boxed e-con e-parent\" data-id=\"85e4f2f\" data-element_type=\"container\">\n\t\t\t\t\t<div class=\"e-con-inner\">\n\t\t\t\t<div class=\"elementor-element elementor-element-872e60c de_scroll_animation_no elementor-widget elementor-widget-image\" data-id=\"872e60c\" data-element_type=\"widget\" data-widget_type=\"image.default\">\n\t\t\t\t<div class=\"elementor-widget-container\">\n\t\t\t<style>\/*! elementor - v3.21.0 - 30-04-2024 *\/\n.elementor-widget-image{text-align:center}.elementor-widget-image a{display:inline-block}.elementor-widget-image a img[src$=\".svg\"]{width:48px}.elementor-widget-image img{vertical-align:middle;display:inline-block}<\/style>\t\t\t\t\t\t\t\t\t\t<img fetchpriority=\"high\" decoding=\"async\" width=\"800\" height=\"534\" src=\"https:\/\/www.uniquecase.sk\/wp-content\/uploads\/2024\/05\/closeup-shot-of-an-industrial-plywood-carving-mach-2023-11-27-05-03-14-utc-1024x683.webp\" class=\"attachment-large size-large wp-image-267\" alt=\"proces v\u00fdroby\" srcset=\"https:\/\/www.uniquecase.sk\/wp-content\/uploads\/2024\/05\/closeup-shot-of-an-industrial-plywood-carving-mach-2023-11-27-05-03-14-utc-1024x683.webp 1024w, https:\/\/www.uniquecase.sk\/wp-content\/uploads\/2024\/05\/closeup-shot-of-an-industrial-plywood-carving-mach-2023-11-27-05-03-14-utc-300x200.webp 300w, https:\/\/www.uniquecase.sk\/wp-content\/uploads\/2024\/05\/closeup-shot-of-an-industrial-plywood-carving-mach-2023-11-27-05-03-14-utc-768x512.webp 768w, https:\/\/www.uniquecase.sk\/wp-content\/uploads\/2024\/05\/closeup-shot-of-an-industrial-plywood-carving-mach-2023-11-27-05-03-14-utc-1536x1024.webp 1536w, https:\/\/www.uniquecase.sk\/wp-content\/uploads\/2024\/05\/closeup-shot-of-an-industrial-plywood-carving-mach-2023-11-27-05-03-14-utc-2048x1365.webp 2048w, https:\/\/www.uniquecase.sk\/wp-content\/uploads\/2024\/05\/closeup-shot-of-an-industrial-plywood-carving-mach-2023-11-27-05-03-14-utc-600x400.webp 600w\" sizes=\"(max-width: 800px) 100vw, 800px\" \/>\t\t\t\t\t\t\t\t\t\t\t\t\t<\/div>\n\t\t\t\t<\/div>\n\t\t\t\t\t<\/div>\n\t\t\t\t<\/div>\n\t\t\t\t<\/div>\n\t\t","protected":false},"excerpt":{"rendered":"<p>Proces v\u00fdroby Proces v\u00fdroby Ako prebieha cel\u00fd proces od n\u00e1vrhu po v\u00fdrobu? 1. Prv\u00fdm krokom je vyplenenie formul\u00e1ru, kde \u0161pecifikujete obal, o ktor\u00fd m\u00e1te z\u00e1ujem. 2. N\u00e1sledne V\u00e1m priprav\u00edme cenov\u00fa ponuku, ktor\u00e1 je pre V\u00e1s nez\u00e1v\u00e4zn\u00e1. 3. Po ods\u00fahlasen\u00ed v\u0161etk\u00fdch detailov (vr\u00e1tane sp\u00f4sobu doru\u010denia hotov\u00e9ho obalu a ceny za toto doru\u010denie) z oboch str\u00e1n a [&hellip;]<\/p>\n","protected":false},"author":1,"featured_media":0,"parent":0,"menu_order":0,"comment_status":"closed","ping_status":"closed","template":"","meta":{"footnotes":""},"class_list":["post-286","page","type-page","status-publish","hentry"],"_links":{"self":[{"href":"https:\/\/www.uniquecase.sk\/index.php\/wp-json\/wp\/v2\/pages\/286","targetHints":{"allow":["GET"]}}],"collection":[{"href":"https:\/\/www.uniquecase.sk\/index.php\/wp-json\/wp\/v2\/pages"}],"about":[{"href":"https:\/\/www.uniquecase.sk\/index.php\/wp-json\/wp\/v2\/types\/page"}],"author":[{"embeddable":true,"href":"https:\/\/www.uniquecase.sk\/index.php\/wp-json\/wp\/v2\/users\/1"}],"replies":[{"embeddable":true,"href":"https:\/\/www.uniquecase.sk\/index.php\/wp-json\/wp\/v2\/comments?post=286"}],"version-history":[{"count":29,"href":"https:\/\/www.uniquecase.sk\/index.php\/wp-json\/wp\/v2\/pages\/286\/revisions"}],"predecessor-version":[{"id":614,"href":"https:\/\/www.uniquecase.sk\/index.php\/wp-json\/wp\/v2\/pages\/286\/revisions\/614"}],"wp:attachment":[{"href":"https:\/\/www.uniquecase.sk\/index.php\/wp-json\/wp\/v2\/media?parent=286"}],"curies":[{"name":"wp","href":"https:\/\/api.w.org\/{rel}","templated":true}]}}