{"id":186,"date":"2024-05-08T10:12:08","date_gmt":"2024-05-08T08:12:08","guid":{"rendered":"https:\/\/www.uniquecase.sk\/?page_id=186"},"modified":"2025-04-20T20:58:20","modified_gmt":"2025-04-20T18:58:20","slug":"o-nas","status":"publish","type":"page","link":"https:\/\/www.uniquecase.sk\/index.php\/o-nas\/","title":{"rendered":"O n\u00e1s | UNIQUECASE.SK &#8211; V\u00fdroba \u0161pecializovan\u00fdch transportn\u00fdch obalov"},"content":{"rendered":"\t\t<div data-elementor-type=\"wp-page\" data-elementor-id=\"186\" class=\"elementor elementor-186\" data-elementor-post-type=\"page\">\n\t\t\t\t\t\t<section class=\"elementor-section elementor-top-section elementor-element elementor-element-7445577a elementor-section-boxed elementor-section-height-default elementor-section-height-default elementor-invisible\" data-id=\"7445577a\" data-element_type=\"section\" data-settings=\"{&quot;background_background&quot;:&quot;classic&quot;,&quot;animation&quot;:&quot;fadeIn&quot;}\">\n\t\t\t\t\t\t\t<div class=\"elementor-background-overlay\"><\/div>\n\t\t\t\t\t\t\t<div class=\"elementor-container elementor-column-gap-default\">\n\t\t\t\t\t<div class=\"elementor-column elementor-col-100 elementor-top-column elementor-element elementor-element-7684b951\" data-id=\"7684b951\" data-element_type=\"column\">\n\t\t\t<div class=\"elementor-widget-wrap elementor-element-populated\">\n\t\t\t\t\t\t<div class=\"elementor-element elementor-element-72286f37 elementor-widget__width-auto de_scroll_animation_no elementor-invisible elementor-widget elementor-widget-heading\" data-id=\"72286f37\" data-element_type=\"widget\" data-settings=\"{&quot;_animation&quot;:&quot;fadeInLeft&quot;}\" data-widget_type=\"heading.default\">\n\t\t\t\t<div class=\"elementor-widget-container\">\n\t\t\t<style>\/*! elementor - v3.21.0 - 30-04-2024 *\/\n.elementor-heading-title{padding:0;margin:0;line-height:1}.elementor-widget-heading .elementor-heading-title[class*=elementor-size-]>a{color:inherit;font-size:inherit;line-height:inherit}.elementor-widget-heading .elementor-heading-title.elementor-size-small{font-size:15px}.elementor-widget-heading .elementor-heading-title.elementor-size-medium{font-size:19px}.elementor-widget-heading .elementor-heading-title.elementor-size-large{font-size:29px}.elementor-widget-heading .elementor-heading-title.elementor-size-xl{font-size:39px}.elementor-widget-heading .elementor-heading-title.elementor-size-xxl{font-size:59px}<\/style><h6 class=\"elementor-heading-title elementor-size-default\">Uniquecase.sk<\/h6>\t\t<\/div>\n\t\t\t\t<\/div>\n\t\t\t\t<div class=\"elementor-element elementor-element-1002a060 de_scroll_animation_no elementor-invisible elementor-widget elementor-widget-heading\" data-id=\"1002a060\" data-element_type=\"widget\" data-settings=\"{&quot;_animation&quot;:&quot;fadeInUp&quot;}\" data-widget_type=\"heading.default\">\n\t\t\t\t<div class=\"elementor-widget-container\">\n\t\t\t<h1 class=\"elementor-heading-title elementor-size-default\">O n\u00e1s<\/h1>\t\t<\/div>\n\t\t\t\t<\/div>\n\t\t\t\t\t<\/div>\n\t\t<\/div>\n\t\t\t\t\t<\/div>\n\t\t<\/section>\n\t\t\t\t<section class=\"elementor-section elementor-top-section elementor-element elementor-element-1dc0b3cd elementor-section-boxed elementor-section-height-default elementor-section-height-default\" data-id=\"1dc0b3cd\" data-element_type=\"section\">\n\t\t\t\t\t\t<div class=\"elementor-container elementor-column-gap-default\">\n\t\t\t\t\t<div class=\"elementor-column elementor-col-50 elementor-top-column elementor-element elementor-element-297e9339\" data-id=\"297e9339\" data-element_type=\"column\">\n\t\t\t<div class=\"elementor-widget-wrap elementor-element-populated\">\n\t\t\t\t\t\t<div class=\"elementor-element elementor-element-23a83298 elementor-widget__width-auto de_scroll_animation_no elementor-invisible elementor-widget elementor-widget-heading\" data-id=\"23a83298\" data-element_type=\"widget\" data-settings=\"{&quot;_animation&quot;:&quot;fadeInLeft&quot;}\" data-widget_type=\"heading.default\">\n\t\t\t\t<div class=\"elementor-widget-container\">\n\t\t\t<h6 class=\"elementor-heading-title elementor-size-default\">Poslanie<\/h6>\t\t<\/div>\n\t\t\t\t<\/div>\n\t\t\t\t<div class=\"elementor-element elementor-element-48388f15 de_scroll_animation_no elementor-invisible elementor-widget elementor-widget-heading\" data-id=\"48388f15\" data-element_type=\"widget\" data-settings=\"{&quot;_animation&quot;:&quot;fadeInLeft&quot;}\" data-widget_type=\"heading.default\">\n\t\t\t\t<div class=\"elementor-widget-container\">\n\t\t\t<h2 class=\"elementor-heading-title elementor-size-default\">V\u00fdroba obalov je na\u0161a v\u00e1\u0161e\u0148 a poslanie<\/h2>\t\t<\/div>\n\t\t\t\t<\/div>\n\t\t\t\t\t<\/div>\n\t\t<\/div>\n\t\t\t\t<div class=\"elementor-column elementor-col-50 elementor-top-column elementor-element elementor-element-25ba9a5a\" data-id=\"25ba9a5a\" data-element_type=\"column\">\n\t\t\t<div class=\"elementor-widget-wrap elementor-element-populated\">\n\t\t\t\t\t\t<div class=\"elementor-element elementor-element-5aa83327 de_scroll_animation_no elementor-invisible elementor-widget elementor-widget-image\" data-id=\"5aa83327\" data-element_type=\"widget\" data-settings=\"{&quot;_animation&quot;:&quot;fadeInUp&quot;}\" data-widget_type=\"image.default\">\n\t\t\t\t<div class=\"elementor-widget-container\">\n\t\t\t<style>\/*! elementor - v3.21.0 - 30-04-2024 *\/\n.elementor-widget-image{text-align:center}.elementor-widget-image a{display:inline-block}.elementor-widget-image a img[src$=\".svg\"]{width:48px}.elementor-widget-image img{vertical-align:middle;display:inline-block}<\/style>\t\t\t\t\t\t\t\t\t\t<img fetchpriority=\"high\" decoding=\"async\" width=\"720\" height=\"729\" src=\"https:\/\/www.uniquecase.sk\/wp-content\/uploads\/2024\/05\/1715172643737.jpg\" class=\"attachment-full size-full wp-image-243\" alt=\"transportn\u00e9 obaly, o n\u00e1s\" srcset=\"https:\/\/www.uniquecase.sk\/wp-content\/uploads\/2024\/05\/1715172643737.jpg 720w, https:\/\/www.uniquecase.sk\/wp-content\/uploads\/2024\/05\/1715172643737-296x300.jpg 296w, https:\/\/www.uniquecase.sk\/wp-content\/uploads\/2024\/05\/1715172643737-600x608.jpg 600w, https:\/\/www.uniquecase.sk\/wp-content\/uploads\/2024\/05\/1715172643737-100x100.jpg 100w\" sizes=\"(max-width: 720px) 100vw, 720px\" \/>\t\t\t\t\t\t\t\t\t\t\t\t\t<\/div>\n\t\t\t\t<\/div>\n\t\t\t\t<div class=\"elementor-element elementor-element-3052d06e elementor-widget__width-auto de_scroll_animation_no elementor-invisible elementor-widget elementor-widget-counter\" data-id=\"3052d06e\" data-element_type=\"widget\" data-settings=\"{&quot;_animation&quot;:&quot;fadeInUp&quot;}\" data-widget_type=\"counter.default\">\n\t\t\t\t<div class=\"elementor-widget-container\">\n\t\t\t<style>\/*! elementor - v3.21.0 - 30-04-2024 *\/\n.elementor-counter{display:flex;justify-content:center;align-items:stretch;flex-direction:column-reverse}.elementor-counter .elementor-counter-number{flex-grow:var(--counter-number-grow,0)}.elementor-counter .elementor-counter-number-wrapper{flex:1;display:flex;font-size:69px;font-weight:600;line-height:1;text-align:center}.elementor-counter .elementor-counter-number-prefix{text-align:end;flex-grow:var(--counter-prefix-grow,1);white-space:pre-wrap}.elementor-counter .elementor-counter-number-suffix{text-align:start;flex-grow:var(--counter-suffix-grow,1);white-space:pre-wrap}.elementor-counter .elementor-counter-title{flex:1;display:flex;justify-content:center;align-items:center;margin:0;padding:0;font-size:19px;font-weight:400;line-height:2.5}<\/style>\t\t<div class=\"elementor-counter\">\n\t\t\t<div class=\"elementor-counter-title\">Rokov<\/div>\t\t\t<div class=\"elementor-counter-number-wrapper\">\n\t\t\t\t<span class=\"elementor-counter-number-prefix\"><\/span>\n\t\t\t\t<span class=\"elementor-counter-number\" data-duration=\"2000\" data-to-value=\"8\" data-from-value=\"0\" data-delimiter=\",\">0<\/span>\n\t\t\t\t<span class=\"elementor-counter-number-suffix\"><\/span>\n\t\t\t<\/div>\n\t\t<\/div>\n\t\t\t\t<\/div>\n\t\t\t\t<\/div>\n\t\t\t\t<div class=\"elementor-element elementor-element-497cecfb de_scroll_animation_no elementor-invisible elementor-widget elementor-widget-text-editor\" data-id=\"497cecfb\" data-element_type=\"widget\" data-settings=\"{&quot;_animation&quot;:&quot;fadeInUp&quot;}\" data-widget_type=\"text-editor.default\">\n\t\t\t\t<div class=\"elementor-widget-container\">\n\t\t\t<style>\/*! elementor - v3.21.0 - 30-04-2024 *\/\n.elementor-widget-text-editor.elementor-drop-cap-view-stacked .elementor-drop-cap{background-color:#69727d;color:#fff}.elementor-widget-text-editor.elementor-drop-cap-view-framed .elementor-drop-cap{color:#69727d;border:3px solid;background-color:transparent}.elementor-widget-text-editor:not(.elementor-drop-cap-view-default) .elementor-drop-cap{margin-top:8px}.elementor-widget-text-editor:not(.elementor-drop-cap-view-default) .elementor-drop-cap-letter{width:1em;height:1em}.elementor-widget-text-editor .elementor-drop-cap{float:left;text-align:center;line-height:1;font-size:50px}.elementor-widget-text-editor .elementor-drop-cap-letter{display:inline-block}<\/style>\t\t\t\t<p class=\"Normal\">Hist\u00f3ria Uniquecase sa za\u010dala p\u00edsa\u0165 v roku 2017, kedy vznikol prv\u00fd obal. Ako akt\u00edvni dlhoro\u010dn\u00ed hudobn\u00edci sme h\u013eadali mo\u017enos\u0165, ako ochr\u00e1ni\u0165 svoje vybavenie po\u010das transportov na koncerty a rozhodli sme sa za\u010da\u0165 s vlastnou v\u00fdrobou. Zistili sme, \u017ee v\u00fdroba n\u00e1s nap\u013a\u0148a minim\u00e1lne tak, ako hudba.Pri v\u00fdrobe vyu\u017e\u00edvame jedine\u010dn\u00fa kombin\u00e1ciu ru\u010dnej pr\u00e1ce a pokro\u010dilej <a href=\"https:\/\/cs.wikipedia.org\/wiki\/CNC_stroje\" target=\"_blank\" rel=\"noopener\">CNC<\/a> technol\u00f3gie, v\u010faka \u010domu m\u00f4\u017eete o\u010dak\u00e1va\u0165 100% kvalitu. Pou\u017e\u00edvame len zna\u010dkov\u00e9 komponenty <a href=\"https:\/\/www.uniquecase.sk\/index.php\/nase-produkty\/\"><strong>Penn Elcom, Adam Hall<\/strong> <\/a>a plo\u0161n\u00fd materi\u00e1l od overen\u00fdch dod\u00e1vate\u013eov.<\/p>\t\t\t\t\t\t<\/div>\n\t\t\t\t<\/div>\n\t\t\t\t\t<\/div>\n\t\t<\/div>\n\t\t\t\t\t<\/div>\n\t\t<\/section>\n\t\t\t\t<section class=\"elementor-section elementor-top-section elementor-element elementor-element-97c3fda elementor-section-content-middle elementor-section-boxed elementor-section-height-default elementor-section-height-default\" data-id=\"97c3fda\" data-element_type=\"section\" data-settings=\"{&quot;background_background&quot;:&quot;classic&quot;}\">\n\t\t\t\t\t\t<div class=\"elementor-container elementor-column-gap-default\">\n\t\t\t\t\t<div class=\"elementor-column elementor-col-33 elementor-top-column elementor-element elementor-element-9b848fe\" data-id=\"9b848fe\" data-element_type=\"column\">\n\t\t\t<div class=\"elementor-widget-wrap elementor-element-populated\">\n\t\t\t\t\t\t<div class=\"elementor-element elementor-element-8773eb1 de_scroll_animation_no elementor-invisible elementor-widget elementor-widget-heading\" data-id=\"8773eb1\" data-element_type=\"widget\" data-settings=\"{&quot;_animation&quot;:&quot;fadeInLeft&quot;}\" data-widget_type=\"heading.default\">\n\t\t\t\t<div class=\"elementor-widget-container\">\n\t\t\t<h4 class=\"elementor-heading-title elementor-size-default\">Na\u0161i partneri<\/h4>\t\t<\/div>\n\t\t\t\t<\/div>\n\t\t\t\t\t<\/div>\n\t\t<\/div>\n\t\t\t\t<div class=\"elementor-column elementor-col-66 elementor-top-column elementor-element elementor-element-8fdecd2\" data-id=\"8fdecd2\" data-element_type=\"column\">\n\t\t\t<div class=\"elementor-widget-wrap elementor-element-populated\">\n\t\t\t\t\t\t<div class=\"elementor-element elementor-element-3cd9526 elementor-widget__width-initial elementor-widget-mobile__width-initial de_scroll_animation_no elementor-invisible elementor-widget elementor-widget-image\" data-id=\"3cd9526\" data-element_type=\"widget\" data-settings=\"{&quot;_animation&quot;:&quot;fadeInUp&quot;}\" data-widget_type=\"image.default\">\n\t\t\t\t<div class=\"elementor-widget-container\">\n\t\t\t\t\t\t\t\t\t\t\t\t\t<img decoding=\"async\" width=\"846\" height=\"295\" src=\"https:\/\/www.uniquecase.sk\/wp-content\/uploads\/2024\/05\/IMG_20240508_142600-removebg-preview.png\" class=\"attachment-full size-full wp-image-252\" alt=\"\" srcset=\"https:\/\/www.uniquecase.sk\/wp-content\/uploads\/2024\/05\/IMG_20240508_142600-removebg-preview.png 846w, https:\/\/www.uniquecase.sk\/wp-content\/uploads\/2024\/05\/IMG_20240508_142600-removebg-preview-300x105.png 300w, https:\/\/www.uniquecase.sk\/wp-content\/uploads\/2024\/05\/IMG_20240508_142600-removebg-preview-768x268.png 768w, https:\/\/www.uniquecase.sk\/wp-content\/uploads\/2024\/05\/IMG_20240508_142600-removebg-preview-600x209.png 600w\" sizes=\"(max-width: 846px) 100vw, 846px\" \/>\t\t\t\t\t\t\t\t\t\t\t\t\t<\/div>\n\t\t\t\t<\/div>\n\t\t\t\t<div class=\"elementor-element elementor-element-6da98bb elementor-widget__width-initial elementor-widget-mobile__width-initial de_scroll_animation_no elementor-invisible elementor-widget elementor-widget-image\" data-id=\"6da98bb\" data-element_type=\"widget\" data-settings=\"{&quot;_animation&quot;:&quot;fadeInUp&quot;,&quot;_animation_delay&quot;:250}\" data-widget_type=\"image.default\">\n\t\t\t\t<div class=\"elementor-widget-container\">\n\t\t\t\t\t\t\t\t\t\t\t\t\t<img decoding=\"async\" width=\"2518\" height=\"872\" src=\"https:\/\/www.uniquecase.sk\/wp-content\/uploads\/2024\/05\/Adam_Hall_Group_RGB.png\" class=\"attachment-full size-full wp-image-251\" alt=\"\" srcset=\"https:\/\/www.uniquecase.sk\/wp-content\/uploads\/2024\/05\/Adam_Hall_Group_RGB.png 2518w, https:\/\/www.uniquecase.sk\/wp-content\/uploads\/2024\/05\/Adam_Hall_Group_RGB-300x104.png 300w, https:\/\/www.uniquecase.sk\/wp-content\/uploads\/2024\/05\/Adam_Hall_Group_RGB-1024x355.png 1024w, https:\/\/www.uniquecase.sk\/wp-content\/uploads\/2024\/05\/Adam_Hall_Group_RGB-768x266.png 768w, https:\/\/www.uniquecase.sk\/wp-content\/uploads\/2024\/05\/Adam_Hall_Group_RGB-1536x532.png 1536w, https:\/\/www.uniquecase.sk\/wp-content\/uploads\/2024\/05\/Adam_Hall_Group_RGB-2048x709.png 2048w, https:\/\/www.uniquecase.sk\/wp-content\/uploads\/2024\/05\/Adam_Hall_Group_RGB-600x208.png 600w\" sizes=\"(max-width: 2518px) 100vw, 2518px\" \/>\t\t\t\t\t\t\t\t\t\t\t\t\t<\/div>\n\t\t\t\t<\/div>\n\t\t\t\t\t<\/div>\n\t\t<\/div>\n\t\t\t\t\t<\/div>\n\t\t<\/section>\n\t\t\t\t<\/div>\n\t\t","protected":false},"excerpt":{"rendered":"<p>Uniquecase.sk O n\u00e1s Poslanie V\u00fdroba obalov je na\u0161a v\u00e1\u0161e\u0148 a poslanie Rokov 0 Hist\u00f3ria Uniquecase sa za\u010dala p\u00edsa\u0165 v roku 2017, kedy vznikol prv\u00fd obal. Ako akt\u00edvni dlhoro\u010dn\u00ed hudobn\u00edci sme h\u013eadali mo\u017enos\u0165, ako ochr\u00e1ni\u0165 svoje vybavenie po\u010das transportov na koncerty a rozhodli sme sa za\u010da\u0165 s vlastnou v\u00fdrobou. Zistili sme, \u017ee v\u00fdroba n\u00e1s nap\u013a\u0148a minim\u00e1lne [&hellip;]<\/p>\n","protected":false},"author":1,"featured_media":0,"parent":0,"menu_order":0,"comment_status":"closed","ping_status":"closed","template":"","meta":{"footnotes":""},"class_list":["post-186","page","type-page","status-publish","hentry"],"_links":{"self":[{"href":"https:\/\/www.uniquecase.sk\/index.php\/wp-json\/wp\/v2\/pages\/186","targetHints":{"allow":["GET"]}}],"collection":[{"href":"https:\/\/www.uniquecase.sk\/index.php\/wp-json\/wp\/v2\/pages"}],"about":[{"href":"https:\/\/www.uniquecase.sk\/index.php\/wp-json\/wp\/v2\/types\/page"}],"author":[{"embeddable":true,"href":"https:\/\/www.uniquecase.sk\/index.php\/wp-json\/wp\/v2\/users\/1"}],"replies":[{"embeddable":true,"href":"https:\/\/www.uniquecase.sk\/index.php\/wp-json\/wp\/v2\/comments?post=186"}],"version-history":[{"count":36,"href":"https:\/\/www.uniquecase.sk\/index.php\/wp-json\/wp\/v2\/pages\/186\/revisions"}],"predecessor-version":[{"id":646,"href":"https:\/\/www.uniquecase.sk\/index.php\/wp-json\/wp\/v2\/pages\/186\/revisions\/646"}],"wp:attachment":[{"href":"https:\/\/www.uniquecase.sk\/index.php\/wp-json\/wp\/v2\/media?parent=186"}],"curies":[{"name":"wp","href":"https:\/\/api.w.org\/{rel}","templated":true}]}}